{"id":12,"date":"2025-08-18T20:40:02","date_gmt":"2025-08-18T20:40:02","guid":{"rendered":"https:\/\/barlosgirasoles.rkinformatika.online\/?page_id=12"},"modified":"2025-08-20T08:25:01","modified_gmt":"2025-08-20T08:25:01","slug":"productos","status":"publish","type":"page","link":"https:\/\/barlosgirasoles.com\/en\/productos\/","title":{"rendered":"Products"},"content":{"rendered":"<div data-elementor-type=\"wp-page\" data-elementor-id=\"12\" class=\"elementor elementor-12\" data-elementor-post-type=\"page\">\n\t\t\t\t<div class=\"elementor-element elementor-element-d9ca89c e-flex e-con-boxed e-con e-parent\" data-id=\"d9ca89c\" data-element_type=\"container\" data-e-type=\"container\" data-settings=\"{&quot;background_background&quot;:&quot;classic&quot;,&quot;shape_divider_bottom&quot;:&quot;waves&quot;}\">\n\t\t\t\t\t<div class=\"e-con-inner\">\n\t\t\t\t<div class=\"elementor-shape elementor-shape-bottom\" aria-hidden=\"true\" data-negative=\"false\">\n\t\t\t<svg xmlns=\"http:\/\/www.w3.org\/2000\/svg\" viewbox=\"0 0 1000 100\" preserveaspectratio=\"none\">\n\t<path class=\"elementor-shape-fill\" d=\"M421.9,6.5c22.6-2.5,51.5,0.4,75.5,5.3c23.6,4.9,70.9,23.5,100.5,35.7c75.8,32.2,133.7,44.5,192.6,49.7\tc23.6,2.1,48.7,3.5,103.4-2.5c54.7-6,106.2-25.6,106.2-25.6V0H0v30.3c0,0,72,32.6,158.4,30.5c39.2-0.7,92.8-6.7,134-22.4\tc21.2-8.1,52.2-18.2,79.7-24.2C399.3,7.9,411.6,7.5,421.9,6.5z\"\/>\n<\/svg>\t\t<\/div>\n\t\t\t\t\t<\/div>\n\t\t\t\t<\/div>\n\t\t<div class=\"elementor-element elementor-element-d15d9eb e-flex e-con-boxed e-con e-parent\" data-id=\"d15d9eb\" data-element_type=\"container\" data-e-type=\"container\">\n\t\t\t\t\t<div class=\"e-con-inner\">\n\t\t<div class=\"elementor-element elementor-element-7efde30 e-con-full e-flex e-con e-child\" data-id=\"7efde30\" data-element_type=\"container\" data-e-type=\"container\">\n\t\t\t\t<div class=\"elementor-element elementor-element-9e4cda6 elementor-position-top elementor-widget elementor-widget-image-box\" data-id=\"9e4cda6\" data-element_type=\"widget\" data-e-type=\"widget\" data-widget_type=\"image-box.default\">\n\t\t\t\t\t<div class=\"elementor-image-box-wrapper\"><figure class=\"elementor-image-box-img\"><img decoding=\"async\" src=\"https:\/\/barlosgirasoles.com\/wp-content\/uploads\/elementor\/thumbs\/2148251590-rahl0l6u7kzwt4x6g7e94mt321ees4mg6qb242so7c.jpg\" title=\"2148251590\" alt=\"2148251590\" loading=\"lazy\" \/><\/figure><div class=\"elementor-image-box-content\"><h3 class=\"elementor-image-box-title\">Caf\u00e9s e infusiones<\/h3><\/div><\/div>\t\t\t\t<\/div>\n\t\t\t\t<\/div>\n\t\t<div class=\"elementor-element elementor-element-61b4690 e-con-full e-flex e-con e-child\" data-id=\"61b4690\" data-element_type=\"container\" data-e-type=\"container\">\n\t\t\t\t<div class=\"elementor-element elementor-element-978c70d elementor-position-top elementor-widget elementor-widget-image-box\" data-id=\"978c70d\" data-element_type=\"widget\" data-e-type=\"widget\" data-widget_type=\"image-box.default\">\n\t\t\t\t\t<div class=\"elementor-image-box-wrapper\"><figure class=\"elementor-image-box-img\"><img decoding=\"async\" src=\"https:\/\/barlosgirasoles.com\/wp-content\/uploads\/elementor\/thumbs\/2148342230-rahl5d7ay9jdtrzbjrqzaxefrjukwqlbudowxppmko.jpg\" title=\"2148342230\" alt=\"2148342230\" loading=\"lazy\" \/><\/figure><div class=\"elementor-image-box-content\"><h3 class=\"elementor-image-box-title\">Cervezas y refrescos<\/h3><\/div><\/div>\t\t\t\t<\/div>\n\t\t\t\t<\/div>\n\t\t<div class=\"elementor-element elementor-element-be4e28f e-con-full e-flex e-con e-child\" data-id=\"be4e28f\" data-element_type=\"container\" data-e-type=\"container\">\n\t\t\t\t<div class=\"elementor-element elementor-element-1730f0b elementor-position-top elementor-widget elementor-widget-image-box\" data-id=\"1730f0b\" data-element_type=\"widget\" data-e-type=\"widget\" data-widget_type=\"image-box.default\">\n\t\t\t\t\t<div class=\"elementor-image-box-wrapper\"><figure class=\"elementor-image-box-img\"><img decoding=\"async\" src=\"https:\/\/barlosgirasoles.com\/wp-content\/uploads\/elementor\/thumbs\/2148214968-rahl746ho5xlfnfuc0yzfzibkd868gjcf1eg3948zs.jpg\" title=\"2148214968\" alt=\"2148214968\" loading=\"lazy\" \/><\/figure><div class=\"elementor-image-box-content\"><h3 class=\"elementor-image-box-title\">Vinos y copas<\/h3><\/div><\/div>\t\t\t\t<\/div>\n\t\t\t\t<\/div>\n\t\t\t\t\t<\/div>\n\t\t\t\t<\/div>\n\t\t<div class=\"elementor-element elementor-element-4eafb7e e-flex e-con-boxed e-con e-parent\" data-id=\"4eafb7e\" data-element_type=\"container\" data-e-type=\"container\">\n\t\t\t\t\t<div class=\"e-con-inner\">\n\t\t<div class=\"elementor-element elementor-element-e262d16 e-con-full e-flex e-con e-child\" data-id=\"e262d16\" data-element_type=\"container\" data-e-type=\"container\">\n\t\t\t\t<div class=\"elementor-element elementor-element-ba67dc2 elementor-position-top elementor-widget elementor-widget-image-box\" data-id=\"ba67dc2\" data-element_type=\"widget\" data-e-type=\"widget\" data-widget_type=\"image-box.default\">\n\t\t\t\t\t<div class=\"elementor-image-box-wrapper\"><figure class=\"elementor-image-box-img\"><img decoding=\"async\" src=\"https:\/\/barlosgirasoles.com\/wp-content\/uploads\/elementor\/thumbs\/9757-rahlcht8s1anvbmkxco4pmn9xqpsa3w1tnsgy955e0.jpg\" title=\"9757\" alt=\"9757\" loading=\"lazy\" \/><\/figure><div class=\"elementor-image-box-content\"><h3 class=\"elementor-image-box-title\">Tapas y tapas fria<\/h3><\/div><\/div>\t\t\t\t<\/div>\n\t\t\t\t<\/div>\n\t\t<div class=\"elementor-element elementor-element-0d14dea e-con-full e-flex e-con e-child\" data-id=\"0d14dea\" data-element_type=\"container\" data-e-type=\"container\">\n\t\t\t\t<div class=\"elementor-element elementor-element-eb865eb elementor-position-top elementor-widget elementor-widget-image-box\" data-id=\"eb865eb\" data-element_type=\"widget\" data-e-type=\"widget\" data-widget_type=\"image-box.default\">\n\t\t\t\t\t<div class=\"elementor-image-box-wrapper\"><figure class=\"elementor-image-box-img\"><img decoding=\"async\" src=\"https:\/\/barlosgirasoles.com\/wp-content\/uploads\/elementor\/thumbs\/spanish-omelette-with-potatoes-and-onion-typical-spanish-cuisine--raj0769bdzcvqwgp1o89wnw07nj5o9k4uoij8yryx4.jpg\" title=\"Spanish omelette with potatoes and onion, typical Spanish cuisine.\" alt=\"Spanish omelette with potatoes and onion, typical Spanish cuisine.\" loading=\"lazy\" \/><\/figure><div class=\"elementor-image-box-content\"><h3 class=\"elementor-image-box-title\">mini bocadillo de tortilla<\/h3><\/div><\/div>\t\t\t\t<\/div>\n\t\t\t\t<\/div>\n\t\t\t\t\t<\/div>\n\t\t\t\t<\/div>\n\t\t<div class=\"elementor-element elementor-element-5bdc557 e-con-full e-flex e-con e-parent\" data-id=\"5bdc557\" data-element_type=\"container\" data-e-type=\"container\">\n\t\t\t\t<div class=\"elementor-element elementor-element-f004428 elementor-cta--skin-cover elementor-animated-content elementor-bg-transform elementor-bg-transform-zoom-in elementor-widget elementor-widget-call-to-action\" data-id=\"f004428\" data-element_type=\"widget\" data-e-type=\"widget\" data-widget_type=\"call-to-action.default\">\n\t\t\t\t\t\t\t<div class=\"elementor-cta\">\n\t\t\t\t\t<div class=\"elementor-cta__bg-wrapper\">\n\t\t\t\t<div class=\"elementor-cta__bg elementor-bg\" style=\"background-image: url(https:\/\/barlosgirasoles.com\/wp-content\/uploads\/2025\/08\/26576610-1024x683.jpg);\" role=\"img\" aria-label=\"26576610\"><\/div>\n\t\t\t\t<div class=\"elementor-cta__bg-overlay\"><\/div>\n\t\t\t<\/div>\n\t\t\t\t\t\t\t<div class=\"elementor-cta__content\">\n\t\t\t\t\n\t\t\t\t\t\t\t\t\t<h2 class=\"elementor-cta__title elementor-cta__content-item elementor-content-item elementor-animated-item--grow\">\n\t\t\t\t\t\tEn Caf\u00e9 Bar Los Girasoles estaremos encantados de atenderte.\t\t\t\t\t<\/h2>\n\t\t\t\t\n\t\t\t\t\t\t\t\t\t<div class=\"elementor-cta__description elementor-cta__content-item elementor-content-item elementor-animated-item--grow\">\n\t\t\t\t\t\tLl\u00e1manos, escr\u00edbenos o ven a visitarnos y disfruta de un caf\u00e9, una ca\u00f1a o unas tapas en buena compa\u00f1\u00eda.\t\t\t\t\t<\/div>\n\t\t\t\t\n\t\t\t\t\t\t\t\t\t<div class=\"elementor-cta__button-wrapper elementor-cta__content-item elementor-content-item elementor-animated-item--grow\">\n\t\t\t\t\t<a class=\"elementor-cta__button elementor-button elementor-size-\" href=\"https:\/\/barlosgirasoles.com\/en\/contactos\/\">\n\t\t\t\t\t\tContacto\t\t\t\t\t<\/a>\n\t\t\t\t\t<\/div>\n\t\t\t\t\t\t\t<\/div>\n\t\t\t\t\t\t<\/div>\n\t\t\t\t\t\t<\/div>\n\t\t\t\t<\/div>\n\t\t\t\t<\/div>","protected":false},"excerpt":{"rendered":"<p>Caf\u00e9s e infusiones Cervezas y refrescos Vinos y copas Tapas y tapas fria mini bocadillo de tortilla En Caf\u00e9 Bar Los Girasoles estaremos encantados de atenderte. Ll\u00e1manos, escr\u00edbenos o ven a visitarnos y disfruta de un caf\u00e9, una ca\u00f1a o unas tapas en buena compa\u00f1\u00eda. Contacto<\/p>","protected":false},"author":1,"featured_media":0,"parent":0,"menu_order":0,"comment_status":"closed","ping_status":"closed","template":"elementor_canvas","meta":{"footnotes":""},"class_list":["post-12","page","type-page","status-publish","hentry"],"yoast_head":"<!-- This site is optimized with the Yoast SEO plugin v27.3 - https:\/\/yoast.com\/product\/yoast-seo-wordpress\/ -->\n<title>Productos - Bar Los Girasoles<\/title>\n<meta name=\"robots\" content=\"index, follow, max-snippet:-1, max-image-preview:large, max-video-preview:-1\" \/>\n<link rel=\"canonical\" href=\"https:\/\/barlosgirasoles.com\/en\/productos\/\" \/>\n<meta property=\"og:locale\" content=\"en_GB\" \/>\n<meta property=\"og:type\" content=\"article\" \/>\n<meta property=\"og:title\" content=\"Productos - Bar Los Girasoles\" \/>\n<meta property=\"og:description\" content=\"Caf\u00e9s e infusiones Cervezas y refrescos Vinos y copas Tapas y tapas fria mini bocadillo de tortilla En Caf\u00e9 Bar Los Girasoles estaremos encantados de atenderte. Ll\u00e1manos, escr\u00edbenos o ven a visitarnos y disfruta de un caf\u00e9, una ca\u00f1a o unas tapas en buena compa\u00f1\u00eda. Contacto\" \/>\n<meta property=\"og:url\" content=\"https:\/\/barlosgirasoles.com\/en\/productos\/\" \/>\n<meta property=\"og:site_name\" content=\"Bar Los Girasoles\" \/>\n<meta property=\"article:modified_time\" content=\"2025-08-20T08:25:01+00:00\" \/>\n<meta property=\"og:image\" content=\"https:\/\/barlosgirasoles.com\/wp-content\/uploads\/elementor\/thumbs\/2148251590-rahl0l6u7kzwt4x6g7e94mt321ees4mg6qb242so7c.jpg\" \/>\n<meta name=\"twitter:card\" content=\"summary_large_image\" \/>\n<meta name=\"twitter:label1\" content=\"Estimated reading time\" \/>\n\t<meta name=\"twitter:data1\" content=\"2 minutes\" \/>\n<script type=\"application\/ld+json\" class=\"yoast-schema-graph\">{\"@context\":\"https:\\\/\\\/schema.org\",\"@graph\":[{\"@type\":\"WebPage\",\"@id\":\"https:\\\/\\\/barlosgirasoles.com\\\/productos\\\/\",\"url\":\"https:\\\/\\\/barlosgirasoles.com\\\/productos\\\/\",\"name\":\"Productos - Bar Los Girasoles\",\"isPartOf\":{\"@id\":\"https:\\\/\\\/barlosgirasoles.com\\\/#website\"},\"primaryImageOfPage\":{\"@id\":\"https:\\\/\\\/barlosgirasoles.com\\\/productos\\\/#primaryimage\"},\"image\":{\"@id\":\"https:\\\/\\\/barlosgirasoles.com\\\/productos\\\/#primaryimage\"},\"thumbnailUrl\":\"https:\\\/\\\/barlosgirasoles.com\\\/wp-content\\\/uploads\\\/elementor\\\/thumbs\\\/2148251590-rahl0l6u7kzwt4x6g7e94mt321ees4mg6qb242so7c.jpg\",\"datePublished\":\"2025-08-18T20:40:02+00:00\",\"dateModified\":\"2025-08-20T08:25:01+00:00\",\"breadcrumb\":{\"@id\":\"https:\\\/\\\/barlosgirasoles.com\\\/productos\\\/#breadcrumb\"},\"inLanguage\":\"en-GB\",\"potentialAction\":[{\"@type\":\"ReadAction\",\"target\":[\"https:\\\/\\\/barlosgirasoles.com\\\/productos\\\/\"]}]},{\"@type\":\"ImageObject\",\"inLanguage\":\"en-GB\",\"@id\":\"https:\\\/\\\/barlosgirasoles.com\\\/productos\\\/#primaryimage\",\"url\":\"https:\\\/\\\/barlosgirasoles.com\\\/wp-content\\\/uploads\\\/elementor\\\/thumbs\\\/2148251590-rahl0l6u7kzwt4x6g7e94mt321ees4mg6qb242so7c.jpg\",\"contentUrl\":\"https:\\\/\\\/barlosgirasoles.com\\\/wp-content\\\/uploads\\\/elementor\\\/thumbs\\\/2148251590-rahl0l6u7kzwt4x6g7e94mt321ees4mg6qb242so7c.jpg\"},{\"@type\":\"BreadcrumbList\",\"@id\":\"https:\\\/\\\/barlosgirasoles.com\\\/productos\\\/#breadcrumb\",\"itemListElement\":[{\"@type\":\"ListItem\",\"position\":1,\"name\":\"Portada\",\"item\":\"https:\\\/\\\/barlosgirasoles.com\\\/\"},{\"@type\":\"ListItem\",\"position\":2,\"name\":\"Productos\"}]},{\"@type\":\"WebSite\",\"@id\":\"https:\\\/\\\/barlosgirasoles.com\\\/#website\",\"url\":\"https:\\\/\\\/barlosgirasoles.com\\\/\",\"name\":\"Bar Los Girasoles\",\"description\":\"Cafe, Cervezas,refrescos\",\"publisher\":{\"@id\":\"https:\\\/\\\/barlosgirasoles.com\\\/#organization\"},\"potentialAction\":[{\"@type\":\"SearchAction\",\"target\":{\"@type\":\"EntryPoint\",\"urlTemplate\":\"https:\\\/\\\/barlosgirasoles.com\\\/?s={search_term_string}\"},\"query-input\":{\"@type\":\"PropertyValueSpecification\",\"valueRequired\":true,\"valueName\":\"search_term_string\"}}],\"inLanguage\":\"en-GB\"},{\"@type\":\"Organization\",\"@id\":\"https:\\\/\\\/barlosgirasoles.com\\\/#organization\",\"name\":\"Bar Los Girasoles\",\"url\":\"https:\\\/\\\/barlosgirasoles.com\\\/\",\"logo\":{\"@type\":\"ImageObject\",\"inLanguage\":\"en-GB\",\"@id\":\"https:\\\/\\\/barlosgirasoles.com\\\/#\\\/schema\\\/logo\\\/image\\\/\",\"url\":\"https:\\\/\\\/barlosgirasoles.com\\\/wp-content\\\/uploads\\\/2025\\\/08\\\/cropped-bargirasoles202507_logoarriba.jpg\",\"contentUrl\":\"https:\\\/\\\/barlosgirasoles.com\\\/wp-content\\\/uploads\\\/2025\\\/08\\\/cropped-bargirasoles202507_logoarriba.jpg\",\"width\":191,\"height\":176,\"caption\":\"Bar Los Girasoles\"},\"image\":{\"@id\":\"https:\\\/\\\/barlosgirasoles.com\\\/#\\\/schema\\\/logo\\\/image\\\/\"}}]}<\/script>\n<!-- \/ Yoast SEO plugin. -->","yoast_head_json":{"title":"Productos - Bar Los Girasoles","robots":{"index":"index","follow":"follow","max-snippet":"max-snippet:-1","max-image-preview":"max-image-preview:large","max-video-preview":"max-video-preview:-1"},"canonical":"https:\/\/barlosgirasoles.com\/en\/productos\/","og_locale":"en_GB","og_type":"article","og_title":"Productos - Bar Los Girasoles","og_description":"Caf\u00e9s e infusiones Cervezas y refrescos Vinos y copas Tapas y tapas fria mini bocadillo de tortilla En Caf\u00e9 Bar Los Girasoles estaremos encantados de atenderte. Ll\u00e1manos, escr\u00edbenos o ven a visitarnos y disfruta de un caf\u00e9, una ca\u00f1a o unas tapas en buena compa\u00f1\u00eda. Contacto","og_url":"https:\/\/barlosgirasoles.com\/en\/productos\/","og_site_name":"Bar Los Girasoles","article_modified_time":"2025-08-20T08:25:01+00:00","og_image":[{"url":"https:\/\/barlosgirasoles.com\/wp-content\/uploads\/elementor\/thumbs\/2148251590-rahl0l6u7kzwt4x6g7e94mt321ees4mg6qb242so7c.jpg","type":"","width":"","height":""}],"twitter_card":"summary_large_image","twitter_misc":{"Estimated reading time":"2 minutes"},"schema":{"@context":"https:\/\/schema.org","@graph":[{"@type":"WebPage","@id":"https:\/\/barlosgirasoles.com\/productos\/","url":"https:\/\/barlosgirasoles.com\/productos\/","name":"Productos - Bar Los Girasoles","isPartOf":{"@id":"https:\/\/barlosgirasoles.com\/#website"},"primaryImageOfPage":{"@id":"https:\/\/barlosgirasoles.com\/productos\/#primaryimage"},"image":{"@id":"https:\/\/barlosgirasoles.com\/productos\/#primaryimage"},"thumbnailUrl":"https:\/\/barlosgirasoles.com\/wp-content\/uploads\/elementor\/thumbs\/2148251590-rahl0l6u7kzwt4x6g7e94mt321ees4mg6qb242so7c.jpg","datePublished":"2025-08-18T20:40:02+00:00","dateModified":"2025-08-20T08:25:01+00:00","breadcrumb":{"@id":"https:\/\/barlosgirasoles.com\/productos\/#breadcrumb"},"inLanguage":"en-GB","potentialAction":[{"@type":"ReadAction","target":["https:\/\/barlosgirasoles.com\/productos\/"]}]},{"@type":"ImageObject","inLanguage":"en-GB","@id":"https:\/\/barlosgirasoles.com\/productos\/#primaryimage","url":"https:\/\/barlosgirasoles.com\/wp-content\/uploads\/elementor\/thumbs\/2148251590-rahl0l6u7kzwt4x6g7e94mt321ees4mg6qb242so7c.jpg","contentUrl":"https:\/\/barlosgirasoles.com\/wp-content\/uploads\/elementor\/thumbs\/2148251590-rahl0l6u7kzwt4x6g7e94mt321ees4mg6qb242so7c.jpg"},{"@type":"BreadcrumbList","@id":"https:\/\/barlosgirasoles.com\/productos\/#breadcrumb","itemListElement":[{"@type":"ListItem","position":1,"name":"Portada","item":"https:\/\/barlosgirasoles.com\/"},{"@type":"ListItem","position":2,"name":"Productos"}]},{"@type":"WebSite","@id":"https:\/\/barlosgirasoles.com\/#website","url":"https:\/\/barlosgirasoles.com\/","name":"Bar Los Girasoles","description":"Cafe, Cervezas,refrescos","publisher":{"@id":"https:\/\/barlosgirasoles.com\/#organization"},"potentialAction":[{"@type":"SearchAction","target":{"@type":"EntryPoint","urlTemplate":"https:\/\/barlosgirasoles.com\/?s={search_term_string}"},"query-input":{"@type":"PropertyValueSpecification","valueRequired":true,"valueName":"search_term_string"}}],"inLanguage":"en-GB"},{"@type":"Organization","@id":"https:\/\/barlosgirasoles.com\/#organization","name":"Bar Los Girasoles","url":"https:\/\/barlosgirasoles.com\/","logo":{"@type":"ImageObject","inLanguage":"en-GB","@id":"https:\/\/barlosgirasoles.com\/#\/schema\/logo\/image\/","url":"https:\/\/barlosgirasoles.com\/wp-content\/uploads\/2025\/08\/cropped-bargirasoles202507_logoarriba.jpg","contentUrl":"https:\/\/barlosgirasoles.com\/wp-content\/uploads\/2025\/08\/cropped-bargirasoles202507_logoarriba.jpg","width":191,"height":176,"caption":"Bar Los Girasoles"},"image":{"@id":"https:\/\/barlosgirasoles.com\/#\/schema\/logo\/image\/"}}]}},"_links":{"self":[{"href":"https:\/\/barlosgirasoles.com\/en\/wp-json\/wp\/v2\/pages\/12","targetHints":{"allow":["GET"]}}],"collection":[{"href":"https:\/\/barlosgirasoles.com\/en\/wp-json\/wp\/v2\/pages"}],"about":[{"href":"https:\/\/barlosgirasoles.com\/en\/wp-json\/wp\/v2\/types\/page"}],"author":[{"embeddable":true,"href":"https:\/\/barlosgirasoles.com\/en\/wp-json\/wp\/v2\/users\/1"}],"replies":[{"embeddable":true,"href":"https:\/\/barlosgirasoles.com\/en\/wp-json\/wp\/v2\/comments?post=12"}],"version-history":[{"count":55,"href":"https:\/\/barlosgirasoles.com\/en\/wp-json\/wp\/v2\/pages\/12\/revisions"}],"predecessor-version":[{"id":294,"href":"https:\/\/barlosgirasoles.com\/en\/wp-json\/wp\/v2\/pages\/12\/revisions\/294"}],"wp:attachment":[{"href":"https:\/\/barlosgirasoles.com\/en\/wp-json\/wp\/v2\/media?parent=12"}],"curies":[{"name":"wp","href":"https:\/\/api.w.org\/{rel}","templated":true}]}}