{"id":9,"date":"2025-08-18T20:39:09","date_gmt":"2025-08-18T20:39:09","guid":{"rendered":"https:\/\/barlosgirasoles.rkinformatika.online\/?page_id=9"},"modified":"2025-08-19T13:52:16","modified_gmt":"2025-08-19T13:52:16","slug":"inicio","status":"publish","type":"page","link":"https:\/\/barlosgirasoles.com\/en\/","title":{"rendered":"Home"},"content":{"rendered":"<div data-elementor-type=\"wp-page\" data-elementor-id=\"9\" class=\"elementor elementor-9\" data-elementor-post-type=\"page\">\n\t\t\t\t<div class=\"elementor-element elementor-element-8db716e e-flex e-con-boxed e-con e-parent\" data-id=\"8db716e\" data-element_type=\"container\" data-e-type=\"container\" data-settings=\"{&quot;background_background&quot;:&quot;classic&quot;}\">\n\t\t\t\t\t<div class=\"e-con-inner\">\n\t\t\t\t<div class=\"elementor-element elementor-element-2862e9f elementor-widget elementor-widget-heading\" data-id=\"2862e9f\" data-element_type=\"widget\" data-e-type=\"widget\" data-widget_type=\"heading.default\">\n\t\t\t\t\t<h2 class=\"elementor-heading-title elementor-size-default\">Caf\u00e9 Bar Los Girasoles<\/h2>\t\t\t\t<\/div>\n\t\t\t\t\t<\/div>\n\t\t\t\t<\/div>\n\t\t<div class=\"elementor-element elementor-element-d7c6a9e e-flex e-con-boxed e-con e-parent\" data-id=\"d7c6a9e\" data-element_type=\"container\" data-e-type=\"container\">\n\t\t\t\t\t<div class=\"e-con-inner\">\n\t\t<div class=\"elementor-element elementor-element-7ff848a e-con-full e-flex e-con e-child\" data-id=\"7ff848a\" data-element_type=\"container\" data-e-type=\"container\">\n\t\t\t\t<div class=\"elementor-element elementor-element-b97ed55 elementor-widget elementor-widget-heading\" data-id=\"b97ed55\" data-element_type=\"widget\" data-e-type=\"widget\" data-widget_type=\"heading.default\">\n\t\t\t\t\t<h2 class=\"elementor-heading-title elementor-size-default\">About Us<\/h2>\t\t\t\t<\/div>\n\t\t\t\t<div class=\"elementor-element elementor-element-06a235c elementor-widget elementor-widget-text-editor\" data-id=\"06a235c\" data-element_type=\"widget\" data-e-type=\"widget\" data-widget_type=\"text-editor.default\">\n\t\t\t\t\t\t\t\t\t<p data-start=\"184\" data-end=\"434\">At Caf\u00e9 Bar Los Girasoles, we offer a welcoming, cheerful space that is always open to a good atmosphere. We are the ideal place to enjoy a mid-morning coffee, an ice-cold beer after work, or some homemade tapas in good company.<\/p><p data-start=\"436\" data-end=\"718\">Since our beginnings, we have wanted to be more than just a bar: a meeting point for friends, families, and neighbors, where every customer feels at home. At our bar, you will always find friendly service, quality products, and that touch of hospitality that defines us.<\/p>\t\t\t\t\t\t\t\t<\/div>\n\t\t\t\t<\/div>\n\t\t<div class=\"elementor-element elementor-element-af85702 e-con-full e-flex e-con e-child\" data-id=\"af85702\" data-element_type=\"container\" data-e-type=\"container\" data-settings=\"{&quot;background_background&quot;:&quot;classic&quot;}\">\n\t\t\t\t<div class=\"elementor-element elementor-element-30c46b3 elementor-widget elementor-widget-spacer\" data-id=\"30c46b3\" data-element_type=\"widget\" data-e-type=\"widget\" data-widget_type=\"spacer.default\">\n\t\t\t\t\t\t\t<div class=\"elementor-spacer\">\n\t\t\t<div class=\"elementor-spacer-inner\"><\/div>\n\t\t<\/div>\n\t\t\t\t\t\t<\/div>\n\t\t\t\t<\/div>\n\t\t\t\t\t<\/div>\n\t\t\t\t<\/div>\n\t\t<div class=\"elementor-element elementor-element-c56683d e-con-full e-flex e-con e-parent\" data-id=\"c56683d\" data-element_type=\"container\" data-e-type=\"container\">\n\t\t\t\t<div class=\"elementor-element elementor-element-f36f2be elementor-cta--skin-cover elementor-animated-content elementor-bg-transform elementor-bg-transform-zoom-in elementor-widget elementor-widget-call-to-action\" data-id=\"f36f2be\" data-element_type=\"widget\" data-e-type=\"widget\" data-widget_type=\"call-to-action.default\">\n\t\t\t\t\t\t\t<div class=\"elementor-cta\">\n\t\t\t\t\t<div class=\"elementor-cta__bg-wrapper\">\n\t\t\t\t<div class=\"elementor-cta__bg elementor-bg\" style=\"background-image: url(https:\/\/barlosgirasoles.com\/wp-content\/uploads\/2025\/08\/2148342234-1024x683.jpg);\" role=\"img\" aria-label=\"2148342234\"><\/div>\n\t\t\t\t<div class=\"elementor-cta__bg-overlay\"><\/div>\n\t\t\t<\/div>\n\t\t\t\t\t\t\t<div class=\"elementor-cta__content\">\n\t\t\t\t\n\t\t\t\t\t\t\t\t\t<h2 class=\"elementor-cta__title elementor-cta__content-item elementor-content-item elementor-animated-item--grow\">\n\t\t\t\t\t\tCome and discover our homemade tapas.\t\t\t\t\t<\/h2>\n\t\t\t\t\n\t\t\t\t\t\t\t\t\t<div class=\"elementor-cta__description elementor-cta__content-item elementor-content-item elementor-animated-item--grow\">\n\t\t\t\t\t\tIf you\u2019re looking for flavor, warmth, and pleasant moments, you\u2019ll find it all at Los Girasoles.\t\t\t\t\t<\/div>\n\t\t\t\t\n\t\t\t\t\t\t\t\t\t<div class=\"elementor-cta__button-wrapper elementor-cta__content-item elementor-content-item elementor-animated-item--grow\">\n\t\t\t\t\t<a class=\"elementor-cta__button elementor-button elementor-size-\" href=\"https:\/\/barlosgirasoles.com\/en\/productos\/\">\n\t\t\t\t\t\tProducts\t\t\t\t\t<\/a>\n\t\t\t\t\t<\/div>\n\t\t\t\t\t\t\t<\/div>\n\t\t\t\t\t\t<\/div>\n\t\t\t\t\t\t<\/div>\n\t\t\t\t<\/div>\n\t\t\t\t<\/div>","protected":false},"excerpt":{"rendered":"<p>Caf\u00e9 Bar Los Girasoles Sobre Nosotros En Caf\u00e9 Bar Los Girasoles ofrecemos un espacio cercano, alegre y siempre abierto al buen ambiente. Somos el lugar ideal para disfrutar de un caf\u00e9 a media ma\u00f1ana, una cerveza bien fr\u00eda al salir del trabajo o unas tapas caseras en buena compa\u00f1\u00eda. Desde nuestros inicios, hemos querido ser [&hellip;]<\/p>\n","protected":false},"author":1,"featured_media":0,"parent":0,"menu_order":0,"comment_status":"closed","ping_status":"closed","template":"elementor_canvas","meta":{"footnotes":""},"class_list":["post-9","page","type-page","status-publish","hentry"],"yoast_head":"<!-- This site is optimized with the Yoast SEO plugin v27.3 - https:\/\/yoast.com\/product\/yoast-seo-wordpress\/ -->\n<title>Inicio - Bar Los Girasoles<\/title>\n<meta name=\"robots\" content=\"index, follow, max-snippet:-1, max-image-preview:large, max-video-preview:-1\" \/>\n<link rel=\"canonical\" href=\"https:\/\/barlosgirasoles.com\/en\/\" \/>\n<meta property=\"og:locale\" content=\"en_GB\" \/>\n<meta property=\"og:type\" content=\"article\" \/>\n<meta property=\"og:title\" content=\"Inicio - Bar Los Girasoles\" \/>\n<meta property=\"og:description\" content=\"Caf\u00e9 Bar Los Girasoles Sobre Nosotros En Caf\u00e9 Bar Los Girasoles ofrecemos un espacio cercano, alegre y siempre abierto al buen ambiente. Somos el lugar ideal para disfrutar de un caf\u00e9 a media ma\u00f1ana, una cerveza bien fr\u00eda al salir del trabajo o unas tapas caseras en buena compa\u00f1\u00eda. Desde nuestros inicios, hemos querido ser [&hellip;]\" \/>\n<meta property=\"og:url\" content=\"https:\/\/barlosgirasoles.com\/en\/\" \/>\n<meta property=\"og:site_name\" content=\"Bar Los Girasoles\" \/>\n<meta property=\"article:modified_time\" content=\"2025-08-19T13:52:16+00:00\" \/>\n<meta name=\"twitter:card\" content=\"summary_large_image\" \/>\n<meta name=\"twitter:label1\" content=\"Estimated reading time\" \/>\n\t<meta name=\"twitter:data1\" content=\"1 minute\" \/>\n<script type=\"application\/ld+json\" class=\"yoast-schema-graph\">{\"@context\":\"https:\\\/\\\/schema.org\",\"@graph\":[{\"@type\":\"WebPage\",\"@id\":\"https:\\\/\\\/barlosgirasoles.com\\\/\",\"url\":\"https:\\\/\\\/barlosgirasoles.com\\\/\",\"name\":\"Inicio - Bar Los Girasoles\",\"isPartOf\":{\"@id\":\"https:\\\/\\\/barlosgirasoles.com\\\/#website\"},\"datePublished\":\"2025-08-18T20:39:09+00:00\",\"dateModified\":\"2025-08-19T13:52:16+00:00\",\"breadcrumb\":{\"@id\":\"https:\\\/\\\/barlosgirasoles.com\\\/#breadcrumb\"},\"inLanguage\":\"en-GB\",\"potentialAction\":[{\"@type\":\"ReadAction\",\"target\":[\"https:\\\/\\\/barlosgirasoles.com\\\/\"]}]},{\"@type\":\"BreadcrumbList\",\"@id\":\"https:\\\/\\\/barlosgirasoles.com\\\/#breadcrumb\",\"itemListElement\":[{\"@type\":\"ListItem\",\"position\":1,\"name\":\"Portada\",\"item\":\"https:\\\/\\\/barlosgirasoles.com\\\/\"},{\"@type\":\"ListItem\",\"position\":2,\"name\":\"Inicio\"}]},{\"@type\":\"WebSite\",\"@id\":\"https:\\\/\\\/barlosgirasoles.com\\\/#website\",\"url\":\"https:\\\/\\\/barlosgirasoles.com\\\/\",\"name\":\"Bar Los Girasoles\",\"description\":\"Cafe, Cervezas,refrescos\",\"publisher\":{\"@id\":\"https:\\\/\\\/barlosgirasoles.com\\\/#organization\"},\"potentialAction\":[{\"@type\":\"SearchAction\",\"target\":{\"@type\":\"EntryPoint\",\"urlTemplate\":\"https:\\\/\\\/barlosgirasoles.com\\\/?s={search_term_string}\"},\"query-input\":{\"@type\":\"PropertyValueSpecification\",\"valueRequired\":true,\"valueName\":\"search_term_string\"}}],\"inLanguage\":\"en-GB\"},{\"@type\":\"Organization\",\"@id\":\"https:\\\/\\\/barlosgirasoles.com\\\/#organization\",\"name\":\"Bar Los Girasoles\",\"url\":\"https:\\\/\\\/barlosgirasoles.com\\\/\",\"logo\":{\"@type\":\"ImageObject\",\"inLanguage\":\"en-GB\",\"@id\":\"https:\\\/\\\/barlosgirasoles.com\\\/#\\\/schema\\\/logo\\\/image\\\/\",\"url\":\"https:\\\/\\\/barlosgirasoles.com\\\/wp-content\\\/uploads\\\/2025\\\/08\\\/cropped-bargirasoles202507_logoarriba.jpg\",\"contentUrl\":\"https:\\\/\\\/barlosgirasoles.com\\\/wp-content\\\/uploads\\\/2025\\\/08\\\/cropped-bargirasoles202507_logoarriba.jpg\",\"width\":191,\"height\":176,\"caption\":\"Bar Los Girasoles\"},\"image\":{\"@id\":\"https:\\\/\\\/barlosgirasoles.com\\\/#\\\/schema\\\/logo\\\/image\\\/\"}}]}<\/script>\n<!-- \/ Yoast SEO plugin. -->","yoast_head_json":{"title":"Inicio - Bar Los Girasoles","robots":{"index":"index","follow":"follow","max-snippet":"max-snippet:-1","max-image-preview":"max-image-preview:large","max-video-preview":"max-video-preview:-1"},"canonical":"https:\/\/barlosgirasoles.com\/en\/","og_locale":"en_GB","og_type":"article","og_title":"Inicio - Bar Los Girasoles","og_description":"Caf\u00e9 Bar Los Girasoles Sobre Nosotros En Caf\u00e9 Bar Los Girasoles ofrecemos un espacio cercano, alegre y siempre abierto al buen ambiente. Somos el lugar ideal para disfrutar de un caf\u00e9 a media ma\u00f1ana, una cerveza bien fr\u00eda al salir del trabajo o unas tapas caseras en buena compa\u00f1\u00eda. Desde nuestros inicios, hemos querido ser [&hellip;]","og_url":"https:\/\/barlosgirasoles.com\/en\/","og_site_name":"Bar Los Girasoles","article_modified_time":"2025-08-19T13:52:16+00:00","twitter_card":"summary_large_image","twitter_misc":{"Estimated reading time":"1 minute"},"schema":{"@context":"https:\/\/schema.org","@graph":[{"@type":"WebPage","@id":"https:\/\/barlosgirasoles.com\/","url":"https:\/\/barlosgirasoles.com\/","name":"Inicio - Bar Los Girasoles","isPartOf":{"@id":"https:\/\/barlosgirasoles.com\/#website"},"datePublished":"2025-08-18T20:39:09+00:00","dateModified":"2025-08-19T13:52:16+00:00","breadcrumb":{"@id":"https:\/\/barlosgirasoles.com\/#breadcrumb"},"inLanguage":"en-GB","potentialAction":[{"@type":"ReadAction","target":["https:\/\/barlosgirasoles.com\/"]}]},{"@type":"BreadcrumbList","@id":"https:\/\/barlosgirasoles.com\/#breadcrumb","itemListElement":[{"@type":"ListItem","position":1,"name":"Portada","item":"https:\/\/barlosgirasoles.com\/"},{"@type":"ListItem","position":2,"name":"Inicio"}]},{"@type":"WebSite","@id":"https:\/\/barlosgirasoles.com\/#website","url":"https:\/\/barlosgirasoles.com\/","name":"Bar Los Girasoles","description":"Cafe, Cervezas,refrescos","publisher":{"@id":"https:\/\/barlosgirasoles.com\/#organization"},"potentialAction":[{"@type":"SearchAction","target":{"@type":"EntryPoint","urlTemplate":"https:\/\/barlosgirasoles.com\/?s={search_term_string}"},"query-input":{"@type":"PropertyValueSpecification","valueRequired":true,"valueName":"search_term_string"}}],"inLanguage":"en-GB"},{"@type":"Organization","@id":"https:\/\/barlosgirasoles.com\/#organization","name":"Bar Los Girasoles","url":"https:\/\/barlosgirasoles.com\/","logo":{"@type":"ImageObject","inLanguage":"en-GB","@id":"https:\/\/barlosgirasoles.com\/#\/schema\/logo\/image\/","url":"https:\/\/barlosgirasoles.com\/wp-content\/uploads\/2025\/08\/cropped-bargirasoles202507_logoarriba.jpg","contentUrl":"https:\/\/barlosgirasoles.com\/wp-content\/uploads\/2025\/08\/cropped-bargirasoles202507_logoarriba.jpg","width":191,"height":176,"caption":"Bar Los Girasoles"},"image":{"@id":"https:\/\/barlosgirasoles.com\/#\/schema\/logo\/image\/"}}]}},"_links":{"self":[{"href":"https:\/\/barlosgirasoles.com\/en\/wp-json\/wp\/v2\/pages\/9","targetHints":{"allow":["GET"]}}],"collection":[{"href":"https:\/\/barlosgirasoles.com\/en\/wp-json\/wp\/v2\/pages"}],"about":[{"href":"https:\/\/barlosgirasoles.com\/en\/wp-json\/wp\/v2\/types\/page"}],"author":[{"embeddable":true,"href":"https:\/\/barlosgirasoles.com\/en\/wp-json\/wp\/v2\/users\/1"}],"replies":[{"embeddable":true,"href":"https:\/\/barlosgirasoles.com\/en\/wp-json\/wp\/v2\/comments?post=9"}],"version-history":[{"count":52,"href":"https:\/\/barlosgirasoles.com\/en\/wp-json\/wp\/v2\/pages\/9\/revisions"}],"predecessor-version":[{"id":287,"href":"https:\/\/barlosgirasoles.com\/en\/wp-json\/wp\/v2\/pages\/9\/revisions\/287"}],"wp:attachment":[{"href":"https:\/\/barlosgirasoles.com\/en\/wp-json\/wp\/v2\/media?parent=9"}],"curies":[{"name":"wp","href":"https:\/\/api.w.org\/{rel}","templated":true}]}}